{"id":121,"date":"2014-09-08T17:54:47","date_gmt":"2014-09-08T15:54:47","guid":{"rendered":"http:\/\/middeleeuwen-meer.nl\/?page_id=121"},"modified":"2021-12-20T13:52:18","modified_gmt":"2021-12-20T12:52:18","slug":"de-apocalyps-van-beatus-van-liebana","status":"publish","type":"page","link":"https:\/\/middeleeuwen-meer.nl\/?page_id=121","title":{"rendered":"De Apocalyps van Beatus van Liebana"},"content":{"rendered":"<h5 style=\"text-align: justify;\">Beatus van Liebana, een Spaanse monnik uit de achtste eeuw, schreef omstreeks 776 een commentaar op de Openbaringen (de Apocalyps) van Johannes. De Apocalyps beschrijft het einde der tijden, waarin alvorens het koninkrijk Jeruzalem op aarde komt de mensheid getroffen zal worden door de meest vreselijke rampen. Het oorspronkelijke manuscript is verloren gegaan, maar gelukkig zijn er een groot aantal prachtig ge\u00efllustreerde kopie\u00ebn uit de periode van 900 tot 1100 bewaard gebleven. Opvallend is het gebruik van rijke kleuren en niet-realistische maar zeer expressieve afbeeldingen. De oudste handschriften behoren tot de Spaans Islamitische kunst. Latere kopie\u00ebn zijn be\u00efnvloed door de romaanse kunst uit Frankrijk. Deze rijk ge\u00efllustreerde lezing neemt u mee in de betoverende wereld van het visioen van Johannes uitgebeeld door Spaanse en Franse middeleeuwse monniken.<\/h5>\n<p style=\"text-align: justify;\"><a href=\"http:\/\/middeleeuwen-meer.nl\/wp-content\/uploads\/2014\/09\/beatus-valladolid1.jpg\"><img loading=\"lazy\" class=\"alignnone size-medium wp-image-183\" src=\"http:\/\/middeleeuwen-meer.nl\/wp-content\/uploads\/2014\/09\/beatus-valladolid1-255x300.jpg\" alt=\"beatus-valladolid\" width=\"255\" height=\"300\" srcset=\"https:\/\/middeleeuwen-meer.nl\/wp-content\/uploads\/2014\/09\/beatus-valladolid1-255x300.jpg 255w, https:\/\/middeleeuwen-meer.nl\/wp-content\/uploads\/2014\/09\/beatus-valladolid1.jpg 641w\" sizes=\"(max-width: 255px) 100vw, 255px\" \/><\/a><\/p>\n<h5><em>circa 970 gemaakt in het klooster van Santa Maria de Valcavado\u00a0 (het Valcavado of Valladolid manuscript)<\/em><\/h5>\n","protected":false},"excerpt":{"rendered":"<p>Beatus van Liebana, een Spaanse monnik uit de achtste eeuw, schreef omstreeks 776 een commentaar op de Openbaringen (de Apocalyps) van Johannes. De Apocalyps beschrijft het einde der tijden, waarin alvorens het koninkrijk Jeruzalem op aarde komt de mensheid getroffen zal worden door de meest vreselijke rampen. Het oorspronkelijke manuscript is verloren gegaan, maar gelukkig [&hellip;]<\/p>\n","protected":false},"author":2,"featured_media":0,"parent":0,"menu_order":0,"comment_status":"closed","ping_status":"closed","template":"","meta":[],"_links":{"self":[{"href":"https:\/\/middeleeuwen-meer.nl\/index.php?rest_route=\/wp\/v2\/pages\/121"}],"collection":[{"href":"https:\/\/middeleeuwen-meer.nl\/index.php?rest_route=\/wp\/v2\/pages"}],"about":[{"href":"https:\/\/middeleeuwen-meer.nl\/index.php?rest_route=\/wp\/v2\/types\/page"}],"author":[{"embeddable":true,"href":"https:\/\/middeleeuwen-meer.nl\/index.php?rest_route=\/wp\/v2\/users\/2"}],"replies":[{"embeddable":true,"href":"https:\/\/middeleeuwen-meer.nl\/index.php?rest_route=%2Fwp%2Fv2%2Fcomments&post=121"}],"version-history":[{"count":6,"href":"https:\/\/middeleeuwen-meer.nl\/index.php?rest_route=\/wp\/v2\/pages\/121\/revisions"}],"predecessor-version":[{"id":1638,"href":"https:\/\/middeleeuwen-meer.nl\/index.php?rest_route=\/wp\/v2\/pages\/121\/revisions\/1638"}],"wp:attachment":[{"href":"https:\/\/middeleeuwen-meer.nl\/index.php?rest_route=%2Fwp%2Fv2%2Fmedia&parent=121"}],"curies":[{"name":"wp","href":"https:\/\/api.w.org\/{rel}","templated":true}]}}