{"id":152,"date":"2014-09-09T16:42:53","date_gmt":"2014-09-09T14:42:53","guid":{"rendered":"http:\/\/middeleeuwen-meer.nl\/?page_id=152"},"modified":"2021-12-21T10:24:47","modified_gmt":"2021-12-21T09:24:47","slug":"romaanse-portalen-in-west-frankrijk","status":"publish","type":"page","link":"https:\/\/middeleeuwen-meer.nl\/?page_id=152","title":{"rendered":"Romaanse portalen in West-Frankrijk"},"content":{"rendered":"<h5 style=\"text-align: justify;\">Aan het eind van de elfde eeuw riep de paus de adel op om &#8211; net als Karel de Grote zo\u2019n 300 jaar eerder deed &#8211; de kerk te steunen in de strijd tegen de moslims. Iedere edelman die streed tegen deze vijanden van het christendom kon door deelname aan de kruistochten verlost worden van zijn zonden. Hiermee doorkruiste de paus de unieke positie die de kloosters van Cluny zich hadden toebedacht. De monniken meenden dat alleen zij het unieke vermogen hadden om de mensen door middel van hun gebeden te verlossen.\u00a0In West-Frankrijk was de invloed van Cluny niet groot. En omdat hier de bouw van de kerken vaak gefinancierd werd door de plaatselijke adel weerspiegelen de fa\u00e7ades van kerken zoals de N\u00f4tre-Dame-la-Grande in Poitiers en de St. Pierre in Angoul\u00e8me &#8211; naast het Christelijk wereldbeeld &#8211; ook de mentaliteit van de adel. Zo zien we legendes over Karel de Grote &#8211; een lichtend voorbeeld &#8211; en sc\u00e8nes uit het dagelijks leven van de adel: jachtpartijen en spelende troubadours.<br \/>\nDe rondbogen van de Westfranse romaanse kerken zijn gedecoreerd met een veelvoud aan motieven zoals de strijd tussen de deugden en ondeugden, de maanden van het jaar, fabeldieren en bijbelse voorstellingen en soms zelf seksueel getinte sc\u00e8nes. De bijna kantachtige structuur van deze bogen is ge\u00efnspireerd door islamitische kunst die de ridders op hun tocht naar Jeruzalem zagen. In de cursus zal de boeiende iconografie van N\u00f4tre-Dame-la-Grande in Poitiers en de St. Pierre in Angoul\u00e8me worden besproken. Daarnaast zal worden stil gestaan bij rondbogen zoals die van Aulnay de Saintonge en vele anderen kerken.<\/h5>\n<p style=\"text-align: justify;\"><a href=\"http:\/\/middeleeuwen-meer.nl\/wp-content\/uploads\/2014\/09\/aaaa19.png\"><img loading=\"lazy\" class=\"alignnone size-medium wp-image-423\" src=\"http:\/\/middeleeuwen-meer.nl\/wp-content\/uploads\/2014\/09\/aaaa19-300x200.png\" alt=\"aaaa\" width=\"300\" height=\"200\" srcset=\"https:\/\/middeleeuwen-meer.nl\/wp-content\/uploads\/2014\/09\/aaaa19-300x200.png 300w, https:\/\/middeleeuwen-meer.nl\/wp-content\/uploads\/2014\/09\/aaaa19-272x182.png 272w, https:\/\/middeleeuwen-meer.nl\/wp-content\/uploads\/2014\/09\/aaaa19.png 586w\" sizes=\"(max-width: 300px) 100vw, 300px\" \/><\/a><\/p>\n<h5><em>Deel rondboog Saint Pierre in Aulnay. Bovenin staan de dwaze maagden uit de vergelijking van de wijze en dwaze maagden (Matteus 25:1-13). Daaronder staat de strijd tussen de deugden en ondeugden afgebeeld, zoals beschreven in de Psychomachia van Prudentius. Men ziet hier de deugd Largitas (vrijgevigheid) die Avaritia (gierigheid) heeft overwonnen.<\/em><\/h5>\n","protected":false},"excerpt":{"rendered":"<p>Aan het eind van de elfde eeuw riep de paus de adel op om &#8211; net als Karel de Grote zo\u2019n 300 jaar eerder deed &#8211; de kerk te steunen in de strijd tegen de moslims. Iedere edelman die streed tegen deze vijanden van het christendom kon door deelname aan de kruistochten verlost worden van [&hellip;]<\/p>\n","protected":false},"author":2,"featured_media":0,"parent":0,"menu_order":0,"comment_status":"closed","ping_status":"closed","template":"","meta":[],"_links":{"self":[{"href":"https:\/\/middeleeuwen-meer.nl\/index.php?rest_route=\/wp\/v2\/pages\/152"}],"collection":[{"href":"https:\/\/middeleeuwen-meer.nl\/index.php?rest_route=\/wp\/v2\/pages"}],"about":[{"href":"https:\/\/middeleeuwen-meer.nl\/index.php?rest_route=\/wp\/v2\/types\/page"}],"author":[{"embeddable":true,"href":"https:\/\/middeleeuwen-meer.nl\/index.php?rest_route=\/wp\/v2\/users\/2"}],"replies":[{"embeddable":true,"href":"https:\/\/middeleeuwen-meer.nl\/index.php?rest_route=%2Fwp%2Fv2%2Fcomments&post=152"}],"version-history":[{"count":5,"href":"https:\/\/middeleeuwen-meer.nl\/index.php?rest_route=\/wp\/v2\/pages\/152\/revisions"}],"predecessor-version":[{"id":1682,"href":"https:\/\/middeleeuwen-meer.nl\/index.php?rest_route=\/wp\/v2\/pages\/152\/revisions\/1682"}],"wp:attachment":[{"href":"https:\/\/middeleeuwen-meer.nl\/index.php?rest_route=%2Fwp%2Fv2%2Fmedia&parent=152"}],"curies":[{"name":"wp","href":"https:\/\/api.w.org\/{rel}","templated":true}]}}