{"id":169,"date":"2014-09-10T16:36:07","date_gmt":"2014-09-10T14:36:07","guid":{"rendered":"http:\/\/middeleeuwen-meer.nl\/?page_id=169"},"modified":"2021-12-21T10:57:14","modified_gmt":"2021-12-21T09:57:14","slug":"de-gotiek-in-beeld","status":"publish","type":"page","link":"https:\/\/middeleeuwen-meer.nl\/?page_id=169","title":{"rendered":"symboliek van de gotiek  (cursus)"},"content":{"rendered":"<h5 style=\"text-align: justify;\">De 13e eeuw was de eeuw van de encyclopedie\u00ebn, waarin de schrijvers de universele kennis van de mens probeerden vast te leggen. De idee\u00ebnwereld uit deze werken had volgens vele kunsthistorici grote invloed op de gotische kunst.\u00a0In deze cursus wordt aan de hand van \u00e9\u00e9n van deze encyclopedie\u00ebn, de Speculum Maius (grote spiegel) van Vincent van Beauvais, de iconografie bestudeerd van de gotische kathedraal. Aan de orde komen o.a. deugden en ondeugden, de natuurlijke wereld, de bijbel en apocriefe legenden, historische figuren, de maanden van het jaar en de artes liberales. Hierbij worden talloze afbeeldingen van glas-in-loodramen en beeldhouwwerk van bekende en onbekende kathedralen zoals in Laon, Chartres, Amiens, <span style=\"color: #993300;\"><a style=\"color: #993300;\" href=\"https:\/\/middeleeuwen-meer.nl\/?page_id=173\">Reims<\/a><\/span> en <span style=\"color: #993300;\"><a style=\"color: #993300;\" href=\"https:\/\/middeleeuwen-meer.nl\/?page_id=171\">Parijs<\/a><\/span> getoond.<\/h5>\n<p style=\"text-align: justify;\"><a href=\"http:\/\/middeleeuwen-meer.nl\/wp-content\/uploads\/2014\/09\/aaaa27.png\"><img loading=\"lazy\" class=\"alignnone size-medium wp-image-449\" src=\"http:\/\/middeleeuwen-meer.nl\/wp-content\/uploads\/2014\/09\/aaaa27-300x270.png\" alt=\"aaaa\" width=\"300\" height=\"270\" srcset=\"https:\/\/middeleeuwen-meer.nl\/wp-content\/uploads\/2014\/09\/aaaa27-300x270.png 300w, https:\/\/middeleeuwen-meer.nl\/wp-content\/uploads\/2014\/09\/aaaa27.png 598w\" sizes=\"(max-width: 300px) 100vw, 300px\" \/><\/a><\/p>\n<h5><em>detail van de voorgevel van de N\u00f4tre Dame in Amiens: de maand februari, gesymboliseerd door een man die zijn voeten warmt aan het vuur en \u00a0een brood bakt.<\/em><\/h5>\n","protected":false},"excerpt":{"rendered":"<p>De 13e eeuw was de eeuw van de encyclopedie\u00ebn, waarin de schrijvers de universele kennis van de mens probeerden vast te leggen. De idee\u00ebnwereld uit deze werken had volgens vele kunsthistorici grote invloed op de gotische kunst.\u00a0In deze cursus wordt aan de hand van \u00e9\u00e9n van deze encyclopedie\u00ebn, de Speculum Maius (grote spiegel) van Vincent [&hellip;]<\/p>\n","protected":false},"author":2,"featured_media":0,"parent":0,"menu_order":0,"comment_status":"closed","ping_status":"closed","template":"","meta":[],"_links":{"self":[{"href":"https:\/\/middeleeuwen-meer.nl\/index.php?rest_route=\/wp\/v2\/pages\/169"}],"collection":[{"href":"https:\/\/middeleeuwen-meer.nl\/index.php?rest_route=\/wp\/v2\/pages"}],"about":[{"href":"https:\/\/middeleeuwen-meer.nl\/index.php?rest_route=\/wp\/v2\/types\/page"}],"author":[{"embeddable":true,"href":"https:\/\/middeleeuwen-meer.nl\/index.php?rest_route=\/wp\/v2\/users\/2"}],"replies":[{"embeddable":true,"href":"https:\/\/middeleeuwen-meer.nl\/index.php?rest_route=%2Fwp%2Fv2%2Fcomments&post=169"}],"version-history":[{"count":7,"href":"https:\/\/middeleeuwen-meer.nl\/index.php?rest_route=\/wp\/v2\/pages\/169\/revisions"}],"predecessor-version":[{"id":1691,"href":"https:\/\/middeleeuwen-meer.nl\/index.php?rest_route=\/wp\/v2\/pages\/169\/revisions\/1691"}],"wp:attachment":[{"href":"https:\/\/middeleeuwen-meer.nl\/index.php?rest_route=%2Fwp%2Fv2%2Fmedia&parent=169"}],"curies":[{"name":"wp","href":"https:\/\/api.w.org\/{rel}","templated":true}]}}